{"id":60,"date":"2009-04-12T00:28:04","date_gmt":"2009-04-11T22:28:04","guid":{"rendered":"http:\/\/hoelling.net\/michael-hollings-homepage\/"},"modified":"2009-04-12T00:28:04","modified_gmt":"2009-04-11T22:28:04","slug":"home","status":"publish","type":"page","link":"https:\/\/www.hoelling.net\/","title":{"rendered":"Michael H\u00f6llings Homepage"},"content":{"rendered":"<p><a href=\"http:\/\/www.hoelling.net\/wp-content\/uploads\/2009\/04\/fahrrad1.jpg\"><img loading=\"lazy\" decoding=\"async\" class=\"size-full wp-image-11   alignright\" title=\"fahrrad1\" src=\"http:\/\/www.hoelling.net\/wp-content\/uploads\/2009\/04\/fahrrad1.jpg\" alt=\"fahrrad1\" width=\"295\" height=\"437\" \/><\/a>Auf diesen Seiten m\u00f6chte ich einige Dinge, die mich besch\u00e4ftigen, der Gemeinschaft der Internetnutzer weitergeben. Als Biologe beobachte ich gerne die ungeheure Vielfalt des Lebens, mein Schwerpunkt liegt aber schon seit langem bei den Schnecken und Muscheln, den zwei gr\u00f6\u00dften Gruppen aus dem Tierstamm der Weichtiere (Mollusca). Im Laufe der Zeit habe ich mich vorwiegend auf die mitteleurop\u00e4ischen Land- und S\u00fc\u00dfwassermollusken konzentriert, sammle aber \u00fcberall, wo ich hinkomme und sich die Gelegenheit ergibt.<\/p>\n<p>Dar\u00fcber hinaus besch\u00e4ftige ich mich seit einigen Jahren mit der K\u00f6nigin der Wissenschaften, der Philosophie. Ideen und Konsequenzen f\u00fcr unser allt\u00e4gliches Handeln sollen auch ein Teil dieser Seiten und des zugeh\u00f6rigen Blogs sein.<\/p>\n<p>Wahrscheinlich wird auch das eine oder andere Thema aus anderen Bereichen hier noch einflie\u00dfen. Jedenfalls hoffe ich, dass diese Seiten ein paar Leserinnen oder Leser finden und freue mich sehr \u00fcber Kommentare, Mails zum Thema und\u00a0Verbindungen \u00a0zu anderen Seiten mit \u00e4hnlichen Inhalten.<\/p>\n<p align=\"center\"><em>Zuletzt berabeitet am 19.04.2009<\/em><\/p>\n<p align=\"center\">Seit dem 19.04.2009 hatte diese Seite <img decoding=\"async\" src=\"\/tinc?key=cQD7YUbF\" alt=\"\" \/>\u00a0Besucher.<\/p>\n","protected":false},"excerpt":{"rendered":"<p>Auf diesen Seiten m\u00f6chte ich einige Dinge, die mich besch\u00e4ftigen, der Gemeinschaft der Internetnutzer weitergeben. Als Biologe beobachte ich gerne die ungeheure Vielfalt des Lebens, mein Schwerpunkt liegt aber schon seit langem bei den Schnecken und Muscheln, den zwei gr\u00f6\u00dften &hellip; <a href=\"https:\/\/www.hoelling.net\/\">Weiterlesen <span class=\"meta-nav\">&rarr;<\/span><\/a><\/p>\n","protected":false},"author":2,"featured_media":0,"parent":0,"menu_order":0,"comment_status":"open","ping_status":"open","template":"","meta":{"footnotes":""},"class_list":["post-60","page","type-page","status-publish","hentry"],"_links":{"self":[{"href":"https:\/\/www.hoelling.net\/index.php?rest_route=\/wp\/v2\/pages\/60","targetHints":{"allow":["GET"]}}],"collection":[{"href":"https:\/\/www.hoelling.net\/index.php?rest_route=\/wp\/v2\/pages"}],"about":[{"href":"https:\/\/www.hoelling.net\/index.php?rest_route=\/wp\/v2\/types\/page"}],"author":[{"embeddable":true,"href":"https:\/\/www.hoelling.net\/index.php?rest_route=\/wp\/v2\/users\/2"}],"replies":[{"embeddable":true,"href":"https:\/\/www.hoelling.net\/index.php?rest_route=%2Fwp%2Fv2%2Fcomments&post=60"}],"version-history":[{"count":0,"href":"https:\/\/www.hoelling.net\/index.php?rest_route=\/wp\/v2\/pages\/60\/revisions"}],"wp:attachment":[{"href":"https:\/\/www.hoelling.net\/index.php?rest_route=%2Fwp%2Fv2%2Fmedia&parent=60"}],"curies":[{"name":"wp","href":"https:\/\/api.w.org\/{rel}","templated":true}]}}